{"id":262,"date":"2020-06-14T01:56:56","date_gmt":"2020-06-14T01:56:56","guid":{"rendered":"http:\/\/brucherseglerclub.de\/?page_id=262"},"modified":"2024-09-13T08:11:05","modified_gmt":"2024-09-13T08:11:05","slug":"mitglied-werden","status":"publish","type":"page","link":"http:\/\/brucherseglerclub.de\/?page_id=262","title":{"rendered":"Mitglied werden"},"content":{"rendered":"\t\t<div data-elementor-type=\"wp-page\" data-elementor-id=\"262\" class=\"elementor elementor-262\">\n\t\t\t\t\t\t<section class=\"elementor-section elementor-top-section elementor-element elementor-element-c3cc8d9 elementor-section-boxed elementor-section-height-default elementor-section-height-default\" data-id=\"c3cc8d9\" data-element_type=\"section\" data-e-type=\"section\" data-settings=\"{&quot;background_background&quot;:&quot;classic&quot;}\">\n\t\t\t\t\t\t\t<div class=\"elementor-background-overlay\"><\/div>\n\t\t\t\t\t\t\t<div class=\"elementor-container elementor-column-gap-default\">\n\t\t\t\t\t<div class=\"elementor-column elementor-col-100 elementor-top-column elementor-element elementor-element-8a7c533\" data-id=\"8a7c533\" data-element_type=\"column\" data-e-type=\"column\" data-settings=\"{&quot;background_background&quot;:&quot;classic&quot;}\">\n\t\t\t<div class=\"elementor-widget-wrap elementor-element-populated\">\n\t\t\t\t\t\t<div class=\"elementor-element elementor-element-f34b1e3 elementor-widget elementor-widget-text-editor\" data-id=\"f34b1e3\" data-element_type=\"widget\" data-e-type=\"widget\" data-widget_type=\"text-editor.default\">\n\t\t\t\t<div class=\"elementor-widget-container\">\n\t\t\t\t\t\t\t\t\t<h2><span style=\"color: #ffffff;\">Mitglied werden<br \/><\/span><\/h2><p><span style=\"color: #ffffff;\">Unsere Steganlage ist in Grenzen auf die erforderliche Bootsbelegung anpassbar. Gerne bieten wir am Wochenende ein Probesegeln an, um Ihr Interesse zu festigen.<\/span><\/p><p><span style=\"color: #ffffff;\">Bei grunds\u00e4tzlichem Interesse sollte einfach der <a style=\"color: #ffffff;\" href=\"http:\/\/bruchersegelclub.de\/kontakt.html\">Vorstand<\/a> angesprochen werden.Jede Person, die bei uns Mitglied werden m\u00f6chte, wird mindestens ca. ein Jahr als Gastmitglied gef\u00fchrt und kann durch die Mitglieder in der folgenden <a style=\"color: #ffffff;\" href=\"http:\/\/bruchersegelclub.de\/termine.html\">Jahreshauptversammlung<\/a> als Segler aufgenommen werden.<\/span><\/p><p><span style=\"color: #ffffff;\">\u00a0<\/span><\/p><p><b><span style=\"color: #ffffff;\">Die Beitr\u00e4ge sind auf ein Jahr bezogen wie folgt<\/span><\/b><\/p><table border=\"0\" width=\"100%\" cellspacing=\"0\" cellpadding=\"5\"><tbody><tr bgcolor=\"#F5F5EF\"><td valign=\"top\" height=\"25\"><span style=\"color: #000000;\">Mitgliedsbeitrag aktiv inkl. Stegplatz<\/span><\/td><td height=\"25\">\u00a0<\/td><td valign=\"top\" bgcolor=\"#F5F5EF\" height=\"25\"><span style=\"color: #000000;\">\u20ac 75,00<\/span><\/td><\/tr><tr bgcolor=\"#FDFDFD\"><td valign=\"top\" height=\"25\"><span style=\"color: #000000;\">Mitgliedsbeitrag passiv<\/span><\/td><td height=\"25\">\u00a0<\/td><td valign=\"top\" height=\"25\"><span style=\"color: #000000;\">\u20ac 40,00<\/span><\/td><\/tr><tr bgcolor=\"#F5F5EF\"><td valign=\"top\" height=\"25\"><span style=\"color: #000000;\">Landliegeplatz<\/span><\/td><td height=\"25\">\u00a0<\/td><td valign=\"top\" height=\"25\"><span style=\"color: #000000;\">\u20ac 35,00<\/span><\/td><\/tr><tr bgcolor=\"#FDFDFD\"><td valign=\"top\" bgcolor=\"#FDFDFD\" height=\"25\"><span style=\"color: #000000;\">Wassergeb\u00fchr Wupperverband<\/span><\/td><td height=\"25\">\u00a0<\/td><td valign=\"top\" height=\"25\"><span style=\"color: #000000;\">\u20ac 35,00<\/span><\/td><\/tr><tr bgcolor=\"#F5F5EF\"><td valign=\"top\" height=\"25\"><span style=\"color: #000000;\">Aufnahmegeb\u00fchr (zzt. ausgesetzt)<br \/><\/span><\/td><td height=\"25\">\u00a0<\/td><td valign=\"top\" height=\"25\"><span style=\"color: #000000;\">\u20ac 100,00<\/span><\/td><\/tr><tr bgcolor=\"#FDFDFD\"><td valign=\"top\" height=\"25\"><span style=\"color: #000000;\">Winterlagerplatz im Bootsschuppen (zzt. nicht m\u00f6glich)<\/span><\/td><td height=\"25\">\u00a0<\/td><td valign=\"top\" height=\"25\"><span style=\"color: #000000;\">\u20ac 120,00<\/span><\/td><\/tr><\/tbody><\/table><p><span style=\"color: #ffffff;\">\u00a0<\/span><\/p><p><span style=\"color: #ffffff;\">Sollten nicht ausreichend Stegliegepl\u00e4tze zur Verf\u00fcgung stehen, so w\u00fcrden wir Sie ggf. auf einer Warteliste f\u00fchren.<\/span><\/p><p><span style=\"color: #ffffff;\">\u00a0<\/span><\/p><ul><li style=\"list-style-type: none;\"><ul><li><h5><a href=\"http:\/\/brucherseglerclub.de\/wp-content\/uploads\/2020\/11\/BrSC-Satzung-vom-16.03.2018_V201107.pdf\">BrSC-Satzung vom 16.03.2018<\/a><\/h5><\/li><li><h5><a href=\"http:\/\/brucherseglerclub.de\/wp-content\/uploads\/2020\/11\/Aufnahmeantrag_BrSC-e.V.-inkl.-Datenschutzerklaerung-und-SEPA-Lastschriftmandat.pdf\">Aufnahmeantrag_BrSC e.V. inkl. Datenschutzerkl\u00e4rung und SEPA-Lastschriftmandat<\/a><\/h5><\/li><\/ul><\/li><\/ul><p>7<\/p>\t\t\t\t\t\t\t\t<\/div>\n\t\t\t\t<\/div>\n\t\t\t\t\t<\/div>\n\t\t<\/div>\n\t\t\t\t\t<\/div>\n\t\t<\/section>\n\t\t\t\t<\/div>\n\t\t","protected":false},"excerpt":{"rendered":"<p>Mitglied werden Unsere Steganlage ist in Grenzen auf die erforderliche Bootsbelegung anpassbar. Gerne bieten wir am Wochenende ein&#8230;<\/p>\n","protected":false},"author":1,"featured_media":0,"parent":0,"menu_order":0,"comment_status":"closed","ping_status":"closed","template":"elementor_header_footer","meta":{"_acf_changed":false,"footnotes":""},"class_list":["post-262","page","type-page","status-publish","hentry"],"acf":[],"_links":{"self":[{"href":"http:\/\/brucherseglerclub.de\/index.php?rest_route=\/wp\/v2\/pages\/262","targetHints":{"allow":["GET"]}}],"collection":[{"href":"http:\/\/brucherseglerclub.de\/index.php?rest_route=\/wp\/v2\/pages"}],"about":[{"href":"http:\/\/brucherseglerclub.de\/index.php?rest_route=\/wp\/v2\/types\/page"}],"author":[{"embeddable":true,"href":"http:\/\/brucherseglerclub.de\/index.php?rest_route=\/wp\/v2\/users\/1"}],"replies":[{"embeddable":true,"href":"http:\/\/brucherseglerclub.de\/index.php?rest_route=%2Fwp%2Fv2%2Fcomments&post=262"}],"version-history":[{"count":0,"href":"http:\/\/brucherseglerclub.de\/index.php?rest_route=\/wp\/v2\/pages\/262\/revisions"}],"wp:attachment":[{"href":"http:\/\/brucherseglerclub.de\/index.php?rest_route=%2Fwp%2Fv2%2Fmedia&parent=262"}],"curies":[{"name":"wp","href":"https:\/\/api.w.org\/{rel}","templated":true}]}}