{"id":9,"date":"2020-06-13T18:32:24","date_gmt":"2020-06-13T18:32:24","guid":{"rendered":"http:\/\/brucherseglerclub.de\/?page_id=9"},"modified":"2020-07-01T18:58:51","modified_gmt":"2020-07-01T18:58:51","slug":"ueber-uns","status":"publish","type":"page","link":"https:\/\/brucherseglerclub.de\/?page_id=9","title":{"rendered":"Segeln"},"content":{"rendered":"\t\t<div data-elementor-type=\"wp-page\" data-elementor-id=\"9\" class=\"elementor elementor-9\">\n\t\t\t\t\t\t<section class=\"elementor-section elementor-top-section elementor-element elementor-element-d8a928c elementor-section-boxed elementor-section-height-default elementor-section-height-default\" data-id=\"d8a928c\" data-element_type=\"section\" data-e-type=\"section\">\n\t\t\t\t\t\t<div class=\"elementor-container elementor-column-gap-default\">\n\t\t\t\t\t<div class=\"elementor-column elementor-col-50 elementor-top-column elementor-element elementor-element-1137202\" data-id=\"1137202\" data-element_type=\"column\" data-e-type=\"column\">\n\t\t\t<div class=\"elementor-widget-wrap elementor-element-populated\">\n\t\t\t\t\t\t<div class=\"elementor-element elementor-element-064e08c elementor-widget elementor-widget-text-editor\" data-id=\"064e08c\" data-element_type=\"widget\" data-e-type=\"widget\" data-widget_type=\"text-editor.default\">\n\t\t\t\t<div class=\"elementor-widget-container\">\n\t\t\t\t\t\t\t\t\t<p><strong>Segeln auf der Brucher Talsperre<\/strong><\/p><p>Der BrSC ist grunds\u00e4tzlich offen f\u00fcr alle Personen in Marienheide und Umgebung, die Spa\u00df am Segelsport haben. <br \/>Unser Club besteht aus ca. 20 Mitgliedern. Der Liegeplatz ist zwischen DLRG und der Sperrmauer.<\/p><p>\u00a0Die Zulassungsbedingungen auf der Brucher Talsperre sind vorgeschrieben durch den Wupperverband.<br \/>Danach m\u00fcssen F\u00fchrer von Segelbooten mit mehr als 4 m\u00b2 Segelfl\u00e4che den Segelschein A (Binnenfahrt) oder einen gleichwertigen Nachweis wie z. B. Sportbootf\u00fchrerschein Binnen vorlegen. Dazu muss f\u00fcr das Boot eine spezielle Sportboot-Haftpflichtversicherung abgeschlossen werden.<\/p><p>Bei Segelbooten ist die Segelfl\u00e4che auf 20 m\u00b2 (Katamarane auf 12 m\u00b2) begrenzt. Die L\u00e4nge \u00fcber alles darf, gemessen vom Bugkorb bis zum Ruderblatt 7 m nicht \u00fcberschreiten. Der Betrieb von motorgetriebenen Booten sowie das Segelsurfen auf der Brucher Talsperre ist nicht gestattet.<\/p>\t\t\t\t\t\t\t\t<\/div>\n\t\t\t\t<\/div>\n\t\t\t\t\t<\/div>\n\t\t<\/div>\n\t\t\t\t<div class=\"elementor-column elementor-col-50 elementor-top-column elementor-element elementor-element-727b7b1\" data-id=\"727b7b1\" data-element_type=\"column\" data-e-type=\"column\">\n\t\t\t<div class=\"elementor-widget-wrap elementor-element-populated\">\n\t\t\t\t\t\t<div class=\"elementor-element elementor-element-62fc68d elementor-widget elementor-widget-image\" data-id=\"62fc68d\" data-element_type=\"widget\" data-e-type=\"widget\" data-widget_type=\"image.default\">\n\t\t\t\t<div class=\"elementor-widget-container\">\n\t\t\t\t\t\t\t\t\t\t\t\t\t\t\t<img fetchpriority=\"high\" decoding=\"async\" width=\"993\" height=\"609\" src=\"https:\/\/brucherseglerclub.de\/wp-content\/uploads\/2020\/07\/222.jpg\" class=\"attachment-large size-large wp-image-407\" alt=\"\" srcset=\"https:\/\/brucherseglerclub.de\/wp-content\/uploads\/2020\/07\/222.jpg 993w, https:\/\/brucherseglerclub.de\/wp-content\/uploads\/2020\/07\/222-300x184.jpg 300w, https:\/\/brucherseglerclub.de\/wp-content\/uploads\/2020\/07\/222-768x471.jpg 768w\" sizes=\"(max-width: 993px) 100vw, 993px\" \/>\t\t\t\t\t\t\t\t\t\t\t\t\t\t\t<\/div>\n\t\t\t\t<\/div>\n\t\t\t\t\t<\/div>\n\t\t<\/div>\n\t\t\t\t\t<\/div>\n\t\t<\/section>\n\t\t\t\t<section class=\"elementor-section elementor-top-section elementor-element elementor-element-05dddea elementor-section-boxed elementor-section-height-default elementor-section-height-default\" data-id=\"05dddea\" data-element_type=\"section\" data-e-type=\"section\" data-settings=\"{&quot;background_background&quot;:&quot;classic&quot;}\">\n\t\t\t\t\t\t<div class=\"elementor-container elementor-column-gap-default\">\n\t\t\t\t\t<div class=\"elementor-column elementor-col-100 elementor-top-column elementor-element elementor-element-be691eb\" data-id=\"be691eb\" data-element_type=\"column\" data-e-type=\"column\">\n\t\t\t<div class=\"elementor-widget-wrap elementor-element-populated\">\n\t\t\t\t\t\t<div class=\"elementor-element elementor-element-ee2df08 elementor-widget elementor-widget-text-editor\" data-id=\"ee2df08\" data-element_type=\"widget\" data-e-type=\"widget\" data-widget_type=\"text-editor.default\">\n\t\t\t\t<div class=\"elementor-widget-container\">\n\t\t\t\t\t\t\t\t\t<p><\/p>\n<div>&nbsp;<\/div>\n<div>&nbsp;<\/div>\n<p><br><\/p><p><br><\/p><p><br><\/p>\n<div>&nbsp;<\/div>\n<div>&nbsp;<\/div>\n<div>\n<h4 style=\"text-align: center;\"><span style=\"text-decoration: underline; color: #003300;\"><strong><span style=\"color: #ffffff; text-decoration: underline;\">Links:<\/span><br><\/strong><span style=\"color: #ffffff; text-decoration: underline;\"><a style=\"color: #ffffff; text-decoration: underline;\" href=\"http:\/\/marienheide.de\/gemeinde\/kultur\/sehenswuerdigkeiten\/talsperren.htm\" target=\"_blank\" rel=\"noopener\">Interessante Daten zur Brucher Talsperre<br>Gemeinde Marienheide<\/a><\/span><br><a style=\"color: #003300; text-decoration: underline;\" href=\"http:\/\/www.wupperverband.de\/\" target=\"_blank\" rel=\"noopener\"><strong><span style=\"color: #ffffff; text-decoration: underline;\">Der Wupperverband<\/span><\/strong><\/a><\/span><\/h4>\n<div><br><\/div>\n<div><br><\/div>\n<div><br><\/div>\n<div><br><\/div>\n<div><br><\/div>\n<div><br><\/div>\n<div><br><\/div>\n<div><br><\/div>\n<div><br><\/div>\n<div><br><\/div>\n<div><br><\/div>\n<div>&nbsp;<\/div>\n<div>&nbsp;<\/div>\n<div>&nbsp;<\/div>\n<div>&nbsp;<\/div>\n<div>&nbsp;<\/div>\n<\/div>\t\t\t\t\t\t\t\t<\/div>\n\t\t\t\t<\/div>\n\t\t\t\t\t<\/div>\n\t\t<\/div>\n\t\t\t\t\t<\/div>\n\t\t<\/section>\n\t\t\t\t<section class=\"elementor-section elementor-top-section elementor-element elementor-element-3076770 elementor-section-boxed elementor-section-height-default elementor-section-height-default\" data-id=\"3076770\" data-element_type=\"section\" data-e-type=\"section\">\n\t\t\t\t\t\t<div class=\"elementor-container elementor-column-gap-default\">\n\t\t\t\t\t<div class=\"elementor-column elementor-col-100 elementor-top-column elementor-element elementor-element-9702e73\" data-id=\"9702e73\" data-element_type=\"column\" data-e-type=\"column\">\n\t\t\t<div class=\"elementor-widget-wrap elementor-element-populated\">\n\t\t\t\t\t\t<div class=\"elementor-element elementor-element-293708d elementor-widget elementor-widget-html\" data-id=\"293708d\" data-element_type=\"widget\" data-e-type=\"widget\" data-widget_type=\"html.default\">\n\t\t\t\t<div class=\"elementor-widget-container\">\n\t\t\t\t\t<script type=\"text\/javascript\" src=\"https:\/\/de.windfinder.com\/widget\/forecast\/js\/brucher_talsperre?unit_wave=m&unit_rain=mm&unit_temperature=c&unit_wind=bft&days=3&show_day=1&show_waves=0\"><\/script><noscript><a rel='nofollow' href='https:\/\/www.windfinder.com\/forecast\/brucher_talsperre?utm_source=forecast&utm_medium=web&utm_campaign=homepageweather&utm_content=noscript-forecast'>Wind forecast for Brucher Talsperre<\/a> provided by <a rel='nofollow' href='https:\/\/www.windfinder.com?utm_source=forecast&utm_medium=web&utm_campaign=homepageweather&utm_content=noscript-logo'>windfinder.com<\/a><\/noscript>\t\t\t\t<\/div>\n\t\t\t\t<\/div>\n\t\t\t\t\t<\/div>\n\t\t<\/div>\n\t\t\t\t\t<\/div>\n\t\t<\/section>\n\t\t\t\t<section class=\"elementor-section elementor-top-section elementor-element elementor-element-ffb91fa elementor-section-boxed elementor-section-height-default elementor-section-height-default\" data-id=\"ffb91fa\" data-element_type=\"section\" data-e-type=\"section\" data-settings=\"{&quot;background_background&quot;:&quot;classic&quot;}\">\n\t\t\t\t\t\t<div class=\"elementor-container elementor-column-gap-default\">\n\t\t\t\t\t<div class=\"elementor-column elementor-col-100 elementor-top-column elementor-element elementor-element-37ffa05\" data-id=\"37ffa05\" data-element_type=\"column\" data-e-type=\"column\">\n\t\t\t<div class=\"elementor-widget-wrap elementor-element-populated\">\n\t\t\t\t\t\t<div class=\"elementor-element elementor-element-4d2359a elementor-widget elementor-widget-spacer\" data-id=\"4d2359a\" data-element_type=\"widget\" data-e-type=\"widget\" data-widget_type=\"spacer.default\">\n\t\t\t\t<div class=\"elementor-widget-container\">\n\t\t\t\t\t\t\t<div class=\"elementor-spacer\">\n\t\t\t<div class=\"elementor-spacer-inner\"><\/div>\n\t\t<\/div>\n\t\t\t\t\t\t<\/div>\n\t\t\t\t<\/div>\n\t\t\t\t\t<\/div>\n\t\t<\/div>\n\t\t\t\t\t<\/div>\n\t\t<\/section>\n\t\t\t\t<section class=\"elementor-section elementor-top-section elementor-element elementor-element-5e608ab elementor-section-boxed elementor-section-height-default elementor-section-height-default\" data-id=\"5e608ab\" data-element_type=\"section\" data-e-type=\"section\">\n\t\t\t\t\t\t<div class=\"elementor-container elementor-column-gap-default\">\n\t\t\t\t\t<div class=\"elementor-column elementor-col-100 elementor-top-column elementor-element elementor-element-8596c97\" data-id=\"8596c97\" data-element_type=\"column\" data-e-type=\"column\">\n\t\t\t<div class=\"elementor-widget-wrap elementor-element-populated\">\n\t\t\t\t\t\t<div class=\"elementor-element elementor-element-cfab5d7 elementor-widget elementor-widget-heading\" data-id=\"cfab5d7\" data-element_type=\"widget\" data-e-type=\"widget\" data-widget_type=\"heading.default\">\n\t\t\t\t<div class=\"elementor-widget-container\">\n\t\t\t\t\t<h2 class=\"elementor-heading-title elementor-size-default\">Windstatistik auf unserem See<br><\/h2>\t\t\t\t<\/div>\n\t\t\t\t<\/div>\n\t\t\t\t\t<\/div>\n\t\t<\/div>\n\t\t\t\t\t<\/div>\n\t\t<\/section>\n\t\t\t\t<section class=\"elementor-section elementor-top-section elementor-element elementor-element-72c246e elementor-section-boxed elementor-section-height-default elementor-section-height-default\" data-id=\"72c246e\" data-element_type=\"section\" data-e-type=\"section\">\n\t\t\t\t\t\t<div class=\"elementor-container elementor-column-gap-default\">\n\t\t\t\t\t<div class=\"elementor-column elementor-col-100 elementor-top-column elementor-element elementor-element-df2a559\" data-id=\"df2a559\" data-element_type=\"column\" data-e-type=\"column\">\n\t\t\t<div class=\"elementor-widget-wrap elementor-element-populated\">\n\t\t\t\t\t\t<div class=\"elementor-element elementor-element-cbdde04 elementor-button-info elementor-widget elementor-widget-button\" data-id=\"cbdde04\" data-element_type=\"widget\" data-e-type=\"widget\" data-widget_type=\"button.default\">\n\t\t\t\t<div class=\"elementor-widget-container\">\n\t\t\t\t\t\t\t\t\t<div class=\"elementor-button-wrapper\">\n\t\t\t\t\t<a class=\"elementor-button elementor-button-link elementor-size-lg\" href=\"http:\/\/brucherseglerclub.de\/wp-content\/uploads\/2020\/07\/BrSC-Windstatistiken-Marienheide-Bruchersee-Talsperre.pdf\">\n\t\t\t\t\t\t<span class=\"elementor-button-content-wrapper\">\n\t\t\t\t\t\t\t\t\t<span class=\"elementor-button-text\">PDF Statistik<\/span>\n\t\t\t\t\t<\/span>\n\t\t\t\t\t<\/a>\n\t\t\t\t<\/div>\n\t\t\t\t\t\t\t\t<\/div>\n\t\t\t\t<\/div>\n\t\t\t\t\t<\/div>\n\t\t<\/div>\n\t\t\t\t\t<\/div>\n\t\t<\/section>\n\t\t\t\t<\/div>\n\t\t","protected":false},"excerpt":{"rendered":"<p>Segeln auf der Brucher Talsperre Der BrSC ist grunds\u00e4tzlich offen f\u00fcr alle Personen in Marienheide und Umgebung, die&#8230;<\/p>\n","protected":false},"author":1,"featured_media":0,"parent":0,"menu_order":0,"comment_status":"closed","ping_status":"closed","template":"elementor_header_footer","meta":{"_acf_changed":false,"footnotes":""},"class_list":["post-9","page","type-page","status-publish","hentry"],"acf":[],"_links":{"self":[{"href":"https:\/\/brucherseglerclub.de\/index.php?rest_route=\/wp\/v2\/pages\/9","targetHints":{"allow":["GET"]}}],"collection":[{"href":"https:\/\/brucherseglerclub.de\/index.php?rest_route=\/wp\/v2\/pages"}],"about":[{"href":"https:\/\/brucherseglerclub.de\/index.php?rest_route=\/wp\/v2\/types\/page"}],"author":[{"embeddable":true,"href":"https:\/\/brucherseglerclub.de\/index.php?rest_route=\/wp\/v2\/users\/1"}],"replies":[{"embeddable":true,"href":"https:\/\/brucherseglerclub.de\/index.php?rest_route=%2Fwp%2Fv2%2Fcomments&post=9"}],"version-history":[{"count":0,"href":"https:\/\/brucherseglerclub.de\/index.php?rest_route=\/wp\/v2\/pages\/9\/revisions"}],"wp:attachment":[{"href":"https:\/\/brucherseglerclub.de\/index.php?rest_route=%2Fwp%2Fv2%2Fmedia&parent=9"}],"curies":[{"name":"wp","href":"https:\/\/api.w.org\/{rel}","templated":true}]}}